{"id":22,"date":"2025-02-06T11:06:06","date_gmt":"2025-02-06T10:06:06","guid":{"rendered":"https:\/\/www.teresaypedro.es\/?page_id=22"},"modified":"2025-02-27T18:05:40","modified_gmt":"2025-02-27T17:05:40","slug":"inicio","status":"publish","type":"page","link":"https:\/\/www.teresaypedro.es\/","title":{"rendered":"Inicio"},"content":{"rendered":"\t\t<div data-elementor-type=\"wp-page\" data-elementor-id=\"22\" class=\"elementor elementor-22\">\n\t\t\t\t<div class=\"elementor-element elementor-element-dcb88b1 e-con-full e-flex e-con e-parent\" data-id=\"dcb88b1\" data-element_type=\"container\">\n\t\t\t\t<div class=\"elementor-element elementor-element-5dfdcad elementor-widget elementor-widget-html\" data-id=\"5dfdcad\" data-element_type=\"widget\" data-widget_type=\"html.default\">\n\t\t\t\t<div class=\"elementor-widget-container\">\n\t\t\t\t\t<script src=\"https:\/\/cdnjs.cloudflare.com\/ajax\/libs\/jquery\/3.7.1\/jquery.min.js\" integrity=\"sha512-v2CJ7UaYy4JwqLDIrZUI\/4hqeoQieOmAZNXBeQyjo21dadnwR+8ZaIJVT8EE2iyI61OV8e6M8PP2\/4hpQINQ\/g==\" crossorigin=\"anonymous\" referrerpolicy=\"no-referrer\"><\/script>\n\n\n<script>\n    \n$(document).scroll(function () {\n    const element = document.getElementById(\"page\");\n\tlet y = element.scrollHeight;\n\tlet h = window.innerHeight;\n\tlet x = $(document).scrollTop();\n\t\n\tconsole.log(y);\n\tconsole.log(x);\n\tconsole.log(h);\n\t\n\tlet scrollCandidate = y - h;\n\tconsole.log(scrollCandidate);\n\t\n\tlet when = 150;\n\tlet referencePoint = h \/ 2;\n\t\n\tif(x > referencePoint) {\n       $(\".buttonHolder\").removeClass(\"bye\");\n    } else {\n       $(\".buttonHolder\").addClass(\"bye\");\n    }\n\t\n});\n    \n<\/script>\n\n\n\n<div style=\"cursor: pointer;\" class=\"buttonHolder bye\" onclick=\"window.open('https:\/\/docs.google.com\/forms\/d\/e\/1FAIpQLSfD1Uj0aH0IAsJ9zyCFBL_SNnCqJtlMaHPFqD13bW9378CDCQ\/viewform','_blank');\">\n    <div class=\"btnOrange\">\n        <img decoding=\"async\" src=\"https:\/\/www.teresaypedro.es\/wp-content\/uploads\/2025\/02\/Boton.png\">\n    <\/div>\n<\/div>\n\n<div class=\"fullContainer\" style=\"z-index: 4; position: fixed; top: 0;\">\n    <div class=\"sectionTop\" style=\"z-index: 2;\">\n        <div class=\"MainTittle\">\n            <img decoding=\"async\" src=\"https:\/\/www.teresaypedro.es\/wp-content\/uploads\/2025\/02\/titulo.svg\">\n        <\/div>\n    \n    <\/div>\n    <div class=\"sectionBottom\" style=\"z-index: 1;\">\n        <div class=\"MainAnim\">\n            <img decoding=\"async\" src=\"https:\/\/www.teresaypedro.es\/images\/US.gif\">\n            <div class=\"gradient1\"><\/div>\n        <\/div>\n    \n    <\/div>\n<\/div>\n\n<div class=\"fullContainer\" style=\"z-index: 5; margin-top: 100vh;\">\n    <div class=\"sectionFull\">\n        <div class=\"imageInfo\" id=\"nicerCoper\">\n            <img decoding=\"async\" id=\"nicerCoperInner\" src=\"https:\/\/www.teresaypedro.es\/wp-content\/uploads\/2025\/02\/sierraFinalPC.svg\">\n            <div class=\"maptopo\" style=\"display: none;\">\n                <img decoding=\"async\" src=\"https:\/\/www.teresaypedro.es\/wp-content\/uploads\/2025\/02\/Torozo_RGB-min.png\">\n            <\/div>\n        <\/div>\n    <\/div>\n<\/div>\n\n<div class=\"fullContainer modder3\" style=\"z-index: 6; background: white;\" >\n    <div class=\"sectionFull\">\n        <div class=\"imageMountain\">\n            <div class=\"gradient2\"><\/div>\n            <div class=\"gradient3\"><\/div>\n            <img decoding=\"async\" src=\"https:\/\/www.teresaypedro.es\/wp-content\/uploads\/2025\/02\/Picosdeeuropa_RGB-min-scaled.jpg\">\n            \n            <div class=\"texto\">\n                <img decoding=\"async\" src=\"https:\/\/www.teresaypedro.es\/wp-content\/uploads\/2025\/02\/texto_center.svg\">\n            <\/div>\n            \n        <\/div>\n    <\/div>\n<\/div>\n\n<script>\n\n    if($(window).width() < 600) {\n        $(\"#nicerCoperInner\").attr(\"src\", \"https:\/\/www.teresaypedro.es\/wp-content\/uploads\/2025\/02\/sierraFinal.svg\");\n    \n    } else if ($(window).width() >= 600) {\n               $(\"#nicerCoperInner\").attr(\"src\",\"https:\/\/www.teresaypedro.es\/wp-content\/uploads\/2025\/02\/sierraFinalPC.svg\");\n    }   \n    \n<\/script>\t\t\t\t<\/div>\n\t\t\t\t<\/div>\n\t\t\t\t<\/div>\n\t\t\t\t<\/div>\n\t\t","protected":false},"excerpt":{"rendered":"","protected":false},"author":1,"featured_media":0,"parent":0,"menu_order":0,"comment_status":"closed","ping_status":"closed","template":"","meta":{"footnotes":""},"class_list":["post-22","page","type-page","status-publish","hentry","post-no-thumbnail"],"yoast_head":"<!-- This site is optimized with the Yoast SEO plugin v24.7 - https:\/\/yoast.com\/wordpress\/plugins\/seo\/ -->\n<title>Nuestro enlace - Teresa y Pedro<\/title>\n<meta name=\"description\" content=\"Te esperamos el pr\u00f3ximo 24 de mayo de 2025 en La villa de Mombeltr\u00e1n, en la provincia de \u00c1vila.\" \/>\n<meta name=\"robots\" content=\"index, follow, max-snippet:-1, max-image-preview:large, max-video-preview:-1\" \/>\n<link rel=\"canonical\" href=\"https:\/\/www.teresaypedro.es\/\" \/>\n<meta property=\"og:locale\" content=\"es_ES\" \/>\n<meta property=\"og:type\" content=\"article\" \/>\n<meta property=\"og:title\" content=\"Nuestro enlace - Teresa y Pedro\" \/>\n<meta property=\"og:description\" content=\"Te esperamos el pr\u00f3ximo 24 de mayo de 2025 en La villa de Mombeltr\u00e1n, en la provincia de \u00c1vila.\" \/>\n<meta property=\"og:url\" content=\"https:\/\/www.teresaypedro.es\/\" \/>\n<meta property=\"og:site_name\" content=\"Nuestro enlace - Teresa y Pedro\" \/>\n<meta property=\"article:modified_time\" content=\"2025-02-27T17:05:40+00:00\" \/>\n<meta property=\"og:image\" content=\"https:\/\/www.teresaypedro.es\/wp-content\/uploads\/2025\/02\/cropped-US-scaled-1.gif\" \/>\n\t<meta property=\"og:image:width\" content=\"512\" \/>\n\t<meta property=\"og:image:height\" content=\"512\" \/>\n\t<meta property=\"og:image:type\" content=\"image\/gif\" \/>\n<meta name=\"twitter:card\" content=\"summary_large_image\" \/>\n<meta name=\"twitter:image\" content=\"https:\/\/www.teresaypedro.es\/wp-content\/uploads\/2025\/02\/cropped-US-scaled-1.gif\" \/>\n<meta name=\"twitter:label1\" content=\"Tiempo de lectura\" \/>\n\t<meta name=\"twitter:data1\" content=\"2 minutos\" \/>\n<script type=\"application\/ld+json\" class=\"yoast-schema-graph\">{\"@context\":\"https:\/\/schema.org\",\"@graph\":[{\"@type\":\"WebPage\",\"@id\":\"https:\/\/www.teresaypedro.es\/\",\"url\":\"https:\/\/www.teresaypedro.es\/\",\"name\":\"Nuestro enlace - Teresa y Pedro\",\"isPartOf\":{\"@id\":\"https:\/\/www.teresaypedro.es\/#website\"},\"primaryImageOfPage\":{\"@id\":\"https:\/\/www.teresaypedro.es\/#primaryimage\"},\"image\":{\"@id\":\"https:\/\/www.teresaypedro.es\/#primaryimage\"},\"thumbnailUrl\":\"https:\/\/www.teresaypedro.es\/wp-content\/uploads\/2025\/02\/Boton.png\",\"datePublished\":\"2025-02-06T10:06:06+00:00\",\"dateModified\":\"2025-02-27T17:05:40+00:00\",\"description\":\"Te esperamos el pr\u00f3ximo 24 de mayo de 2025 en La villa de Mombeltr\u00e1n, en la provincia de \u00c1vila.\",\"breadcrumb\":{\"@id\":\"https:\/\/www.teresaypedro.es\/#breadcrumb\"},\"inLanguage\":\"es\",\"potentialAction\":[{\"@type\":\"ReadAction\",\"target\":[\"https:\/\/www.teresaypedro.es\/\"]}]},{\"@type\":\"ImageObject\",\"inLanguage\":\"es\",\"@id\":\"https:\/\/www.teresaypedro.es\/#primaryimage\",\"url\":\"https:\/\/www.teresaypedro.es\/wp-content\/uploads\/2025\/02\/Boton.png\",\"contentUrl\":\"https:\/\/www.teresaypedro.es\/wp-content\/uploads\/2025\/02\/Boton.png\",\"width\":1862,\"height\":460},{\"@type\":\"BreadcrumbList\",\"@id\":\"https:\/\/www.teresaypedro.es\/#breadcrumb\",\"itemListElement\":[{\"@type\":\"ListItem\",\"position\":1,\"name\":\"Portada\",\"item\":\"https:\/\/www.teresaypedro.es\/\"},{\"@type\":\"ListItem\",\"position\":2,\"name\":\"Inicio\"}]},{\"@type\":\"WebSite\",\"@id\":\"https:\/\/www.teresaypedro.es\/#website\",\"url\":\"https:\/\/www.teresaypedro.es\/\",\"name\":\"Nuestro enlace - Teresa y Pedro\",\"description\":\"\",\"potentialAction\":[{\"@type\":\"SearchAction\",\"target\":{\"@type\":\"EntryPoint\",\"urlTemplate\":\"https:\/\/www.teresaypedro.es\/?s={search_term_string}\"},\"query-input\":{\"@type\":\"PropertyValueSpecification\",\"valueRequired\":true,\"valueName\":\"search_term_string\"}}],\"inLanguage\":\"es\"}]}<\/script>\n<!-- \/ Yoast SEO plugin. -->","yoast_head_json":{"title":"Nuestro enlace - Teresa y Pedro","description":"Te esperamos el pr\u00f3ximo 24 de mayo de 2025 en La villa de Mombeltr\u00e1n, en la provincia de \u00c1vila.","robots":{"index":"index","follow":"follow","max-snippet":"max-snippet:-1","max-image-preview":"max-image-preview:large","max-video-preview":"max-video-preview:-1"},"canonical":"https:\/\/www.teresaypedro.es\/","og_locale":"es_ES","og_type":"article","og_title":"Nuestro enlace - Teresa y Pedro","og_description":"Te esperamos el pr\u00f3ximo 24 de mayo de 2025 en La villa de Mombeltr\u00e1n, en la provincia de \u00c1vila.","og_url":"https:\/\/www.teresaypedro.es\/","og_site_name":"Nuestro enlace - Teresa y Pedro","article_modified_time":"2025-02-27T17:05:40+00:00","og_image":[{"width":512,"height":512,"url":"https:\/\/www.teresaypedro.es\/wp-content\/uploads\/2025\/02\/cropped-US-scaled-1.gif","type":"image\/gif"}],"twitter_card":"summary_large_image","twitter_image":"https:\/\/www.teresaypedro.es\/wp-content\/uploads\/2025\/02\/cropped-US-scaled-1.gif","twitter_misc":{"Tiempo de lectura":"2 minutos"},"schema":{"@context":"https:\/\/schema.org","@graph":[{"@type":"WebPage","@id":"https:\/\/www.teresaypedro.es\/","url":"https:\/\/www.teresaypedro.es\/","name":"Nuestro enlace - Teresa y Pedro","isPartOf":{"@id":"https:\/\/www.teresaypedro.es\/#website"},"primaryImageOfPage":{"@id":"https:\/\/www.teresaypedro.es\/#primaryimage"},"image":{"@id":"https:\/\/www.teresaypedro.es\/#primaryimage"},"thumbnailUrl":"https:\/\/www.teresaypedro.es\/wp-content\/uploads\/2025\/02\/Boton.png","datePublished":"2025-02-06T10:06:06+00:00","dateModified":"2025-02-27T17:05:40+00:00","description":"Te esperamos el pr\u00f3ximo 24 de mayo de 2025 en La villa de Mombeltr\u00e1n, en la provincia de \u00c1vila.","breadcrumb":{"@id":"https:\/\/www.teresaypedro.es\/#breadcrumb"},"inLanguage":"es","potentialAction":[{"@type":"ReadAction","target":["https:\/\/www.teresaypedro.es\/"]}]},{"@type":"ImageObject","inLanguage":"es","@id":"https:\/\/www.teresaypedro.es\/#primaryimage","url":"https:\/\/www.teresaypedro.es\/wp-content\/uploads\/2025\/02\/Boton.png","contentUrl":"https:\/\/www.teresaypedro.es\/wp-content\/uploads\/2025\/02\/Boton.png","width":1862,"height":460},{"@type":"BreadcrumbList","@id":"https:\/\/www.teresaypedro.es\/#breadcrumb","itemListElement":[{"@type":"ListItem","position":1,"name":"Portada","item":"https:\/\/www.teresaypedro.es\/"},{"@type":"ListItem","position":2,"name":"Inicio"}]},{"@type":"WebSite","@id":"https:\/\/www.teresaypedro.es\/#website","url":"https:\/\/www.teresaypedro.es\/","name":"Nuestro enlace - Teresa y Pedro","description":"","potentialAction":[{"@type":"SearchAction","target":{"@type":"EntryPoint","urlTemplate":"https:\/\/www.teresaypedro.es\/?s={search_term_string}"},"query-input":{"@type":"PropertyValueSpecification","valueRequired":true,"valueName":"search_term_string"}}],"inLanguage":"es"}]}},"_links":{"self":[{"href":"https:\/\/www.teresaypedro.es\/index.php\/wp-json\/wp\/v2\/pages\/22","targetHints":{"allow":["GET"]}}],"collection":[{"href":"https:\/\/www.teresaypedro.es\/index.php\/wp-json\/wp\/v2\/pages"}],"about":[{"href":"https:\/\/www.teresaypedro.es\/index.php\/wp-json\/wp\/v2\/types\/page"}],"author":[{"embeddable":true,"href":"https:\/\/www.teresaypedro.es\/index.php\/wp-json\/wp\/v2\/users\/1"}],"replies":[{"embeddable":true,"href":"https:\/\/www.teresaypedro.es\/index.php\/wp-json\/wp\/v2\/comments?post=22"}],"version-history":[{"count":202,"href":"https:\/\/www.teresaypedro.es\/index.php\/wp-json\/wp\/v2\/pages\/22\/revisions"}],"predecessor-version":[{"id":241,"href":"https:\/\/www.teresaypedro.es\/index.php\/wp-json\/wp\/v2\/pages\/22\/revisions\/241"}],"wp:attachment":[{"href":"https:\/\/www.teresaypedro.es\/index.php\/wp-json\/wp\/v2\/media?parent=22"}],"curies":[{"name":"wp","href":"https:\/\/api.w.org\/{rel}","templated":true}]}}